{"id":7,"date":"2025-09-11T14:13:55","date_gmt":"2025-09-11T17:13:55","guid":{"rendered":"http:\/\/beliniviagens.com.br\/?page_id=7"},"modified":"2025-09-12T20:24:37","modified_gmt":"2025-09-12T23:24:37","slug":"home","status":"publish","type":"page","link":"https:\/\/beliniviagens.com.br\/","title":{"rendered":"Home"},"content":{"rendered":"\n<figure class=\"wp-block-image size-full\"><img fetchpriority=\"high\" decoding=\"async\" width=\"1920\" height=\"600\" src=\"http:\/\/beliniviagens.com.br\/wp-content\/uploads\/2025\/09\/Design-sem-nome-9.png\" alt=\"\" class=\"wp-image-74\" srcset=\"https:\/\/beliniviagens.com.br\/wp-content\/uploads\/2025\/09\/Design-sem-nome-9.png 1920w, https:\/\/beliniviagens.com.br\/wp-content\/uploads\/2025\/09\/Design-sem-nome-9-300x94.png 300w, https:\/\/beliniviagens.com.br\/wp-content\/uploads\/2025\/09\/Design-sem-nome-9-1024x320.png 1024w, https:\/\/beliniviagens.com.br\/wp-content\/uploads\/2025\/09\/Design-sem-nome-9-768x240.png 768w, https:\/\/beliniviagens.com.br\/wp-content\/uploads\/2025\/09\/Design-sem-nome-9-1536x480.png 1536w\" sizes=\"(max-width: 1920px) 100vw, 1920px\" \/><\/figure>\n\n\n\n<blockquote class=\"wp-block-quote is-layout-flow wp-block-quote-is-layout-flow\">\n<h2 class=\"wp-block-heading\"><strong><em>Vem viajar com a gente!<\/em><\/strong><\/h2>\n<\/blockquote>\n\n\n\n<p>Na Belini Viagens, cada detalhe da sua viagem \u00e9 planejado com carinho e dedica\u00e7\u00e3o.<\/p>\n\n\n\n<div class=\"wp-block-buttons is-layout-flex wp-block-buttons-is-layout-flex\">\n<div class=\"wp-block-button\"><a class=\"wp-block-button__link wp-element-button\" href=\"https:\/\/wa.me\/554635434548\">Fale conosco no WhatsApp<\/a><\/div>\n<\/div>\n\n\n\n<h2 class=\"wp-block-heading\">Por que viajar com a Belini Viagens?<\/h2>\n\n\n\n<div class=\"wp-block-columns is-layout-flex wp-container-core-columns-is-layout-28f84493 wp-block-columns-is-layout-flex\">\n<div class=\"wp-block-column is-layout-flow wp-block-column-is-layout-flow\">\n<figure class=\"wp-block-image size-full\"><img decoding=\"async\" width=\"600\" height=\"400\" src=\"http:\/\/beliniviagens.com.br\/wp-content\/uploads\/2025\/09\/1.jpg\" alt=\"\" class=\"wp-image-65\" srcset=\"https:\/\/beliniviagens.com.br\/wp-content\/uploads\/2025\/09\/1.jpg 600w, https:\/\/beliniviagens.com.br\/wp-content\/uploads\/2025\/09\/1-300x200.jpg 300w\" sizes=\"(max-width: 600px) 100vw, 600px\" \/><\/figure>\n\n\n\n<h2 class=\"wp-block-heading\">Experi\u00eancia<\/h2>\n\n\n\n<p><strong>Anos no mercado garantindo roteiros completos e memor\u00e1veis.<\/strong><\/p>\n<\/div>\n\n\n\n<div class=\"wp-block-column is-layout-flow wp-block-column-is-layout-flow\">\n<figure class=\"wp-block-image size-full\"><img decoding=\"async\" width=\"600\" height=\"400\" src=\"http:\/\/beliniviagens.com.br\/wp-content\/uploads\/2025\/09\/2.jpg\" alt=\"\" class=\"wp-image-77\" srcset=\"https:\/\/beliniviagens.com.br\/wp-content\/uploads\/2025\/09\/2.jpg 600w, https:\/\/beliniviagens.com.br\/wp-content\/uploads\/2025\/09\/2-300x200.jpg 300w\" sizes=\"(max-width: 600px) 100vw, 600px\" \/><\/figure>\n\n\n\n<h2 class=\"wp-block-heading\">Atendimento Pr\u00f3ximo<\/h2>\n\n\n\n<p><strong>Acompanhamento em cada etapa da viagem.<\/strong><\/p>\n<\/div>\n\n\n\n<div class=\"wp-block-column is-layout-flow wp-block-column-is-layout-flow\">\n<figure class=\"wp-block-image size-full\"><img loading=\"lazy\" decoding=\"async\" width=\"600\" height=\"400\" src=\"http:\/\/beliniviagens.com.br\/wp-content\/uploads\/2025\/09\/3.jpg\" alt=\"\" class=\"wp-image-66\" srcset=\"https:\/\/beliniviagens.com.br\/wp-content\/uploads\/2025\/09\/3.jpg 600w, https:\/\/beliniviagens.com.br\/wp-content\/uploads\/2025\/09\/3-300x200.jpg 300w\" sizes=\"(max-width: 600px) 100vw, 600px\" \/><\/figure>\n\n\n\n<h2 class=\"wp-block-heading\">Custo-benef\u00edcio<\/h2>\n\n\n\n<p><strong>Pacotes personalizados com os melhores pre\u00e7os.<\/strong><\/p>\n<\/div>\n<\/div>\n\n\n\n<figure class=\"wp-block-image size-full\"><img loading=\"lazy\" decoding=\"async\" width=\"800\" height=\"500\" src=\"http:\/\/beliniviagens.com.br\/wp-content\/uploads\/2025\/09\/1.png\" alt=\"\" class=\"wp-image-68\" srcset=\"https:\/\/beliniviagens.com.br\/wp-content\/uploads\/2025\/09\/1.png 800w, https:\/\/beliniviagens.com.br\/wp-content\/uploads\/2025\/09\/1-300x188.png 300w, https:\/\/beliniviagens.com.br\/wp-content\/uploads\/2025\/09\/1-768x480.png 768w\" sizes=\"(max-width: 800px) 100vw, 800px\" \/><\/figure>\n\n\n\n<ul class=\"wp-block-list\">\n<li><strong>13 anos de experi\u00eancia<\/strong><\/li>\n\n\n\n<li><strong>+35 mil passageiros embarcados<\/strong><\/li>\n\n\n\n<li><strong>Conectando pessoas a destinos incr\u00edveis<\/strong><\/li>\n<\/ul>\n","protected":false},"excerpt":{"rendered":"<p>Vem viajar com a gente! Na Belini Viagens, cada detalhe da sua viagem \u00e9 planejado com carinho e dedica\u00e7\u00e3o. Por [&hellip;]<\/p>\n","protected":false},"author":1,"featured_media":0,"parent":0,"menu_order":0,"comment_status":"closed","ping_status":"closed","template":"","meta":{"site-sidebar-layout":"default","site-content-layout":"","ast-site-content-layout":"default","site-content-style":"default","site-sidebar-style":"default","ast-global-header-display":"","ast-banner-title-visibility":"","ast-main-header-display":"","ast-hfb-above-header-display":"","ast-hfb-below-header-display":"","ast-hfb-mobile-header-display":"","site-post-title":"","ast-breadcrumbs-content":"","ast-featured-img":"","footer-sml-layout":"","theme-transparent-header-meta":"","adv-header-id-meta":"","stick-header-meta":"","header-above-stick-meta":"","header-main-stick-meta":"","header-below-stick-meta":"","astra-migrate-meta-layouts":"default","ast-page-background-enabled":"default","ast-page-background-meta":{"desktop":{"background-color":"var(--ast-global-color-5)","background-image":"","background-repeat":"repeat","background-position":"center center","background-size":"auto","background-attachment":"scroll","background-type":"","background-media":"","overlay-type":"","overlay-color":"","overlay-opacity":"","overlay-gradient":""},"tablet":{"background-color":"","background-image":"","background-repeat":"repeat","background-position":"center center","background-size":"auto","background-attachment":"scroll","background-type":"","background-media":"","overlay-type":"","overlay-color":"","overlay-opacity":"","overlay-gradient":""},"mobile":{"background-color":"","background-image":"","background-repeat":"repeat","background-position":"center center","background-size":"auto","background-attachment":"scroll","background-type":"","background-media":"","overlay-type":"","overlay-color":"","overlay-opacity":"","overlay-gradient":""}},"ast-content-background-meta":{"desktop":{"background-color":"var(--ast-global-color-4)","background-image":"","background-repeat":"repeat","background-position":"center center","background-size":"auto","background-attachment":"scroll","background-type":"","background-media":"","overlay-type":"","overlay-color":"","overlay-opacity":"","overlay-gradient":""},"tablet":{"background-color":"var(--ast-global-color-4)","background-image":"","background-repeat":"repeat","background-position":"center center","background-size":"auto","background-attachment":"scroll","background-type":"","background-media":"","overlay-type":"","overlay-color":"","overlay-opacity":"","overlay-gradient":""},"mobile":{"background-color":"var(--ast-global-color-4)","background-image":"","background-repeat":"repeat","background-position":"center center","background-size":"auto","background-attachment":"scroll","background-type":"","background-media":"","overlay-type":"","overlay-color":"","overlay-opacity":"","overlay-gradient":""}},"footnotes":""},"class_list":["post-7","page","type-page","status-publish","hentry"],"yoast_head":"<!-- This site is optimized with the Yoast SEO plugin v25.9 - https:\/\/yoast.com\/wordpress\/plugins\/seo\/ -->\n<title>Home - Vem viajar com a gente!<\/title>\n<meta name=\"robots\" content=\"noindex, follow, max-snippet:-1, max-image-preview:large, max-video-preview:-1\" \/>\n<meta property=\"og:locale\" content=\"pt_BR\" \/>\n<meta property=\"og:type\" content=\"article\" \/>\n<meta property=\"og:title\" content=\"Home - Vem viajar com a gente!\" \/>\n<meta property=\"og:description\" content=\"Vem viajar com a gente! Na Belini Viagens, cada detalhe da sua viagem \u00e9 planejado com carinho e dedica\u00e7\u00e3o. Por [&hellip;]\" \/>\n<meta property=\"og:url\" content=\"https:\/\/beliniviagens.com.br\/\" \/>\n<meta property=\"og:site_name\" content=\"Vem viajar com a gente!\" \/>\n<meta property=\"article:modified_time\" content=\"2025-09-12T23:24:37+00:00\" \/>\n<meta property=\"og:image\" content=\"http:\/\/beliniviagens.com.br\/wp-content\/uploads\/2025\/09\/Design-sem-nome-9.png\" \/>\n<meta name=\"twitter:card\" content=\"summary_large_image\" \/>\n<meta name=\"twitter:label1\" content=\"Est. tempo de leitura\" \/>\n\t<meta name=\"twitter:data1\" content=\"2 minutos\" \/>\n<script type=\"application\/ld+json\" class=\"yoast-schema-graph\">{\"@context\":\"https:\/\/schema.org\",\"@graph\":[{\"@type\":\"WebPage\",\"@id\":\"https:\/\/beliniviagens.com.br\/\",\"url\":\"https:\/\/beliniviagens.com.br\/\",\"name\":\"Home - Vem viajar com a gente!\",\"isPartOf\":{\"@id\":\"https:\/\/beliniviagens.com.br\/#website\"},\"primaryImageOfPage\":{\"@id\":\"https:\/\/beliniviagens.com.br\/#primaryimage\"},\"image\":{\"@id\":\"https:\/\/beliniviagens.com.br\/#primaryimage\"},\"thumbnailUrl\":\"http:\/\/beliniviagens.com.br\/wp-content\/uploads\/2025\/09\/Design-sem-nome-9.png\",\"datePublished\":\"2025-09-11T17:13:55+00:00\",\"dateModified\":\"2025-09-12T23:24:37+00:00\",\"breadcrumb\":{\"@id\":\"https:\/\/beliniviagens.com.br\/#breadcrumb\"},\"inLanguage\":\"pt-BR\",\"potentialAction\":[{\"@type\":\"ReadAction\",\"target\":[\"https:\/\/beliniviagens.com.br\/\"]}]},{\"@type\":\"ImageObject\",\"inLanguage\":\"pt-BR\",\"@id\":\"https:\/\/beliniviagens.com.br\/#primaryimage\",\"url\":\"https:\/\/beliniviagens.com.br\/wp-content\/uploads\/2025\/09\/Design-sem-nome-9.png\",\"contentUrl\":\"https:\/\/beliniviagens.com.br\/wp-content\/uploads\/2025\/09\/Design-sem-nome-9.png\",\"width\":1920,\"height\":600},{\"@type\":\"BreadcrumbList\",\"@id\":\"https:\/\/beliniviagens.com.br\/#breadcrumb\",\"itemListElement\":[{\"@type\":\"ListItem\",\"position\":1,\"name\":\"In\u00edcio\",\"item\":\"https:\/\/beliniviagens.com.br\/\"},{\"@type\":\"ListItem\",\"position\":2,\"name\":\"Home\"}]},{\"@type\":\"WebSite\",\"@id\":\"https:\/\/beliniviagens.com.br\/#website\",\"url\":\"https:\/\/beliniviagens.com.br\/\",\"name\":\"Vem viajar com a gente!\",\"description\":\"Vem viajar com a gente\",\"publisher\":{\"@id\":\"https:\/\/beliniviagens.com.br\/#organization\"},\"potentialAction\":[{\"@type\":\"SearchAction\",\"target\":{\"@type\":\"EntryPoint\",\"urlTemplate\":\"https:\/\/beliniviagens.com.br\/?s={search_term_string}\"},\"query-input\":{\"@type\":\"PropertyValueSpecification\",\"valueRequired\":true,\"valueName\":\"search_term_string\"}}],\"inLanguage\":\"pt-BR\"},{\"@type\":\"Organization\",\"@id\":\"https:\/\/beliniviagens.com.br\/#organization\",\"name\":\"Vem viajar com a gente!\",\"url\":\"https:\/\/beliniviagens.com.br\/\",\"logo\":{\"@type\":\"ImageObject\",\"inLanguage\":\"pt-BR\",\"@id\":\"https:\/\/beliniviagens.com.br\/#\/schema\/logo\/image\/\",\"url\":\"https:\/\/beliniviagens.com.br\/wp-content\/uploads\/2025\/09\/cropped-logo_belini_favicon.png\",\"contentUrl\":\"https:\/\/beliniviagens.com.br\/wp-content\/uploads\/2025\/09\/cropped-logo_belini_favicon.png\",\"width\":218,\"height\":105,\"caption\":\"Vem viajar com a gente!\"},\"image\":{\"@id\":\"https:\/\/beliniviagens.com.br\/#\/schema\/logo\/image\/\"}}]}<\/script>\n<!-- \/ Yoast SEO plugin. -->","yoast_head_json":{"title":"Home - Vem viajar com a gente!","robots":{"index":"noindex","follow":"follow","max-snippet":"max-snippet:-1","max-image-preview":"max-image-preview:large","max-video-preview":"max-video-preview:-1"},"og_locale":"pt_BR","og_type":"article","og_title":"Home - Vem viajar com a gente!","og_description":"Vem viajar com a gente! Na Belini Viagens, cada detalhe da sua viagem \u00e9 planejado com carinho e dedica\u00e7\u00e3o. Por [&hellip;]","og_url":"https:\/\/beliniviagens.com.br\/","og_site_name":"Vem viajar com a gente!","article_modified_time":"2025-09-12T23:24:37+00:00","og_image":[{"url":"http:\/\/beliniviagens.com.br\/wp-content\/uploads\/2025\/09\/Design-sem-nome-9.png","type":"","width":"","height":""}],"twitter_card":"summary_large_image","twitter_misc":{"Est. tempo de leitura":"2 minutos"},"schema":{"@context":"https:\/\/schema.org","@graph":[{"@type":"WebPage","@id":"https:\/\/beliniviagens.com.br\/","url":"https:\/\/beliniviagens.com.br\/","name":"Home - Vem viajar com a gente!","isPartOf":{"@id":"https:\/\/beliniviagens.com.br\/#website"},"primaryImageOfPage":{"@id":"https:\/\/beliniviagens.com.br\/#primaryimage"},"image":{"@id":"https:\/\/beliniviagens.com.br\/#primaryimage"},"thumbnailUrl":"http:\/\/beliniviagens.com.br\/wp-content\/uploads\/2025\/09\/Design-sem-nome-9.png","datePublished":"2025-09-11T17:13:55+00:00","dateModified":"2025-09-12T23:24:37+00:00","breadcrumb":{"@id":"https:\/\/beliniviagens.com.br\/#breadcrumb"},"inLanguage":"pt-BR","potentialAction":[{"@type":"ReadAction","target":["https:\/\/beliniviagens.com.br\/"]}]},{"@type":"ImageObject","inLanguage":"pt-BR","@id":"https:\/\/beliniviagens.com.br\/#primaryimage","url":"https:\/\/beliniviagens.com.br\/wp-content\/uploads\/2025\/09\/Design-sem-nome-9.png","contentUrl":"https:\/\/beliniviagens.com.br\/wp-content\/uploads\/2025\/09\/Design-sem-nome-9.png","width":1920,"height":600},{"@type":"BreadcrumbList","@id":"https:\/\/beliniviagens.com.br\/#breadcrumb","itemListElement":[{"@type":"ListItem","position":1,"name":"In\u00edcio","item":"https:\/\/beliniviagens.com.br\/"},{"@type":"ListItem","position":2,"name":"Home"}]},{"@type":"WebSite","@id":"https:\/\/beliniviagens.com.br\/#website","url":"https:\/\/beliniviagens.com.br\/","name":"Vem viajar com a gente!","description":"Vem viajar com a gente","publisher":{"@id":"https:\/\/beliniviagens.com.br\/#organization"},"potentialAction":[{"@type":"SearchAction","target":{"@type":"EntryPoint","urlTemplate":"https:\/\/beliniviagens.com.br\/?s={search_term_string}"},"query-input":{"@type":"PropertyValueSpecification","valueRequired":true,"valueName":"search_term_string"}}],"inLanguage":"pt-BR"},{"@type":"Organization","@id":"https:\/\/beliniviagens.com.br\/#organization","name":"Vem viajar com a gente!","url":"https:\/\/beliniviagens.com.br\/","logo":{"@type":"ImageObject","inLanguage":"pt-BR","@id":"https:\/\/beliniviagens.com.br\/#\/schema\/logo\/image\/","url":"https:\/\/beliniviagens.com.br\/wp-content\/uploads\/2025\/09\/cropped-logo_belini_favicon.png","contentUrl":"https:\/\/beliniviagens.com.br\/wp-content\/uploads\/2025\/09\/cropped-logo_belini_favicon.png","width":218,"height":105,"caption":"Vem viajar com a gente!"},"image":{"@id":"https:\/\/beliniviagens.com.br\/#\/schema\/logo\/image\/"}}]}},"_links":{"self":[{"href":"https:\/\/beliniviagens.com.br\/index.php\/wp-json\/wp\/v2\/pages\/7","targetHints":{"allow":["GET"]}}],"collection":[{"href":"https:\/\/beliniviagens.com.br\/index.php\/wp-json\/wp\/v2\/pages"}],"about":[{"href":"https:\/\/beliniviagens.com.br\/index.php\/wp-json\/wp\/v2\/types\/page"}],"author":[{"embeddable":true,"href":"https:\/\/beliniviagens.com.br\/index.php\/wp-json\/wp\/v2\/users\/1"}],"replies":[{"embeddable":true,"href":"https:\/\/beliniviagens.com.br\/index.php\/wp-json\/wp\/v2\/comments?post=7"}],"version-history":[{"count":13,"href":"https:\/\/beliniviagens.com.br\/index.php\/wp-json\/wp\/v2\/pages\/7\/revisions"}],"predecessor-version":[{"id":109,"href":"https:\/\/beliniviagens.com.br\/index.php\/wp-json\/wp\/v2\/pages\/7\/revisions\/109"}],"wp:attachment":[{"href":"https:\/\/beliniviagens.com.br\/index.php\/wp-json\/wp\/v2\/media?parent=7"}],"curies":[{"name":"wp","href":"https:\/\/api.w.org\/{rel}","templated":true}]}}