{"id":13,"date":"2025-09-11T14:14:29","date_gmt":"2025-09-11T17:14:29","guid":{"rendered":"http:\/\/beliniviagens.com.br\/?page_id=13"},"modified":"2025-09-12T20:33:16","modified_gmt":"2025-09-12T23:33:16","slug":"servicos","status":"publish","type":"page","link":"https:\/\/beliniviagens.com.br\/index.php\/servicos\/","title":{"rendered":"Nossos Servi\u00e7os"},"content":{"rendered":"\n<figure class=\"wp-block-image size-full\"><img fetchpriority=\"high\" decoding=\"async\" width=\"800\" height=\"500\" src=\"http:\/\/beliniviagens.com.br\/wp-content\/uploads\/2025\/09\/3.png\" alt=\"\" class=\"wp-image-70\" srcset=\"https:\/\/beliniviagens.com.br\/wp-content\/uploads\/2025\/09\/3.png 800w, https:\/\/beliniviagens.com.br\/wp-content\/uploads\/2025\/09\/3-300x188.png 300w, https:\/\/beliniviagens.com.br\/wp-content\/uploads\/2025\/09\/3-768x480.png 768w\" sizes=\"(max-width: 800px) 100vw, 800px\" \/><\/figure>\n\n\n\n<p>Na Belini Viagens, oferecemos solu\u00e7\u00f5es completas para tornar sua viagem pr\u00e1tica, segura e inesquec\u00edvel. Confira nossos principais servi\u00e7os:<\/p>\n\n\n\n<ul>\n    <strong>Promo\u00e7\u00f5es e ofertas especiais<\/strong> \u2013 acompanhe nossa vitrine de promo\u00e7\u00f5es para destinos de desejo, com pre\u00e7os competitivos.<\/li>\n  <\/ul>\n\n\n\n<div class=\"wp-block-buttons is-layout-flex wp-block-buttons-is-layout-flex\">\n<div class=\"wp-block-button\"><a class=\"wp-block-button__link wp-element-button\">Chegou sua vez<\/a><\/div>\n<\/div>\n\n\n\n<div class=\"wp-block-columns is-layout-flex wp-container-core-columns-is-layout-28f84493 wp-block-columns-is-layout-flex\">\n<div class=\"wp-block-column is-layout-flow wp-block-column-is-layout-flow\">\n<figure class=\"wp-block-image size-full\"><img decoding=\"async\" width=\"600\" height=\"400\" src=\"http:\/\/beliniviagens.com.br\/wp-content\/uploads\/2025\/09\/61.png\" alt=\"\" class=\"wp-image-102\" srcset=\"https:\/\/beliniviagens.com.br\/wp-content\/uploads\/2025\/09\/61.png 600w, https:\/\/beliniviagens.com.br\/wp-content\/uploads\/2025\/09\/61-300x200.png 300w\" sizes=\"(max-width: 600px) 100vw, 600px\" \/><\/figure>\n\n\n\n<h2 class=\"wp-block-heading\">PACOTES DE VIAGENS<\/h2>\n\n\n\n<p>Roteiros nacionais e internacionais com hot\u00e9is, passeios e tudo planejado, prontos para voc\u00ea embarcar<\/p>\n<\/div>\n\n\n\n<div class=\"wp-block-column is-layout-flow wp-block-column-is-layout-flow\">\n<figure class=\"wp-block-image size-full\"><img decoding=\"async\" width=\"600\" height=\"400\" src=\"http:\/\/beliniviagens.com.br\/wp-content\/uploads\/2025\/09\/71.png\" alt=\"\" class=\"wp-image-101\" srcset=\"https:\/\/beliniviagens.com.br\/wp-content\/uploads\/2025\/09\/71.png 600w, https:\/\/beliniviagens.com.br\/wp-content\/uploads\/2025\/09\/71-300x200.png 300w\" sizes=\"(max-width: 600px) 100vw, 600px\" \/><\/figure>\n\n\n\n<h2 class=\"wp-block-heading\">CONSULTORIA PERSONALIZADA<\/h2>\n\n\n\n<p>Definimos destino, hotel e passeios de acordo com seu perfil, para que sua viagem fique com a sua cara.<\/p>\n<\/div>\n<\/div>\n\n\n\n<div class=\"wp-block-columns is-layout-flex wp-container-core-columns-is-layout-28f84493 wp-block-columns-is-layout-flex\">\n<div class=\"wp-block-column is-layout-flow wp-block-column-is-layout-flow\">\n<figure class=\"wp-block-image size-full\"><img loading=\"lazy\" decoding=\"async\" width=\"600\" height=\"400\" src=\"http:\/\/beliniviagens.com.br\/wp-content\/uploads\/2025\/09\/51.png\" alt=\"\" class=\"wp-image-100\" srcset=\"https:\/\/beliniviagens.com.br\/wp-content\/uploads\/2025\/09\/51.png 600w, https:\/\/beliniviagens.com.br\/wp-content\/uploads\/2025\/09\/51-300x200.png 300w\" sizes=\"(max-width: 600px) 100vw, 600px\" \/><\/figure>\n\n\n\n<h2 class=\"wp-block-heading\">DI\u00c1RIAS DE HOT\u00c9IS<\/h2>\n<\/div>\n\n\n\n<div class=\"wp-block-column is-layout-flow wp-block-column-is-layout-flow\">\n<figure class=\"wp-block-image size-full\"><img loading=\"lazy\" decoding=\"async\" width=\"600\" height=\"400\" src=\"http:\/\/beliniviagens.com.br\/wp-content\/uploads\/2025\/09\/41.png\" alt=\"\" class=\"wp-image-99\" srcset=\"https:\/\/beliniviagens.com.br\/wp-content\/uploads\/2025\/09\/41.png 600w, https:\/\/beliniviagens.com.br\/wp-content\/uploads\/2025\/09\/41-300x200.png 300w\" sizes=\"(max-width: 600px) 100vw, 600px\" \/><\/figure>\n\n\n\n<h2 class=\"wp-block-heading\">PASSAGENS A\u00c9REAS<\/h2>\n<\/div>\n<\/div>\n\n\n\n<figure class=\"wp-block-gallery has-nested-images columns-default is-cropped wp-block-gallery-1 is-layout-flex wp-block-gallery-is-layout-flex\">\n<figure class=\"wp-block-image size-large\"><img loading=\"lazy\" decoding=\"async\" width=\"800\" height=\"500\" data-id=\"82\" src=\"http:\/\/beliniviagens.com.br\/wp-content\/uploads\/2025\/09\/10.png\" alt=\"\" class=\"wp-image-82\" srcset=\"https:\/\/beliniviagens.com.br\/wp-content\/uploads\/2025\/09\/10.png 800w, https:\/\/beliniviagens.com.br\/wp-content\/uploads\/2025\/09\/10-300x188.png 300w, https:\/\/beliniviagens.com.br\/wp-content\/uploads\/2025\/09\/10-768x480.png 768w\" sizes=\"(max-width: 800px) 100vw, 800px\" \/><\/figure>\n<\/figure>\n","protected":false},"excerpt":{"rendered":"<p>Na Belini Viagens, oferecemos solu\u00e7\u00f5es completas para tornar sua viagem pr\u00e1tica, segura e inesquec\u00edvel. Confira nossos principais servi\u00e7os: Promo\u00e7\u00f5es e [&hellip;]<\/p>\n","protected":false},"author":1,"featured_media":0,"parent":0,"menu_order":0,"comment_status":"closed","ping_status":"closed","template":"","meta":{"site-sidebar-layout":"default","site-content-layout":"","ast-site-content-layout":"default","site-content-style":"default","site-sidebar-style":"default","ast-global-header-display":"","ast-banner-title-visibility":"","ast-main-header-display":"","ast-hfb-above-header-display":"","ast-hfb-below-header-display":"","ast-hfb-mobile-header-display":"","site-post-title":"","ast-breadcrumbs-content":"","ast-featured-img":"","footer-sml-layout":"","theme-transparent-header-meta":"","adv-header-id-meta":"","stick-header-meta":"","header-above-stick-meta":"","header-main-stick-meta":"","header-below-stick-meta":"","astra-migrate-meta-layouts":"default","ast-page-background-enabled":"default","ast-page-background-meta":{"desktop":{"background-color":"var(--ast-global-color-5)","background-image":"","background-repeat":"repeat","background-position":"center center","background-size":"auto","background-attachment":"scroll","background-type":"","background-media":"","overlay-type":"","overlay-color":"","overlay-opacity":"","overlay-gradient":""},"tablet":{"background-color":"","background-image":"","background-repeat":"repeat","background-position":"center center","background-size":"auto","background-attachment":"scroll","background-type":"","background-media":"","overlay-type":"","overlay-color":"","overlay-opacity":"","overlay-gradient":""},"mobile":{"background-color":"","background-image":"","background-repeat":"repeat","background-position":"center center","background-size":"auto","background-attachment":"scroll","background-type":"","background-media":"","overlay-type":"","overlay-color":"","overlay-opacity":"","overlay-gradient":""}},"ast-content-background-meta":{"desktop":{"background-color":"var(--ast-global-color-4)","background-image":"","background-repeat":"repeat","background-position":"center center","background-size":"auto","background-attachment":"scroll","background-type":"","background-media":"","overlay-type":"","overlay-color":"","overlay-opacity":"","overlay-gradient":""},"tablet":{"background-color":"var(--ast-global-color-4)","background-image":"","background-repeat":"repeat","background-position":"center center","background-size":"auto","background-attachment":"scroll","background-type":"","background-media":"","overlay-type":"","overlay-color":"","overlay-opacity":"","overlay-gradient":""},"mobile":{"background-color":"var(--ast-global-color-4)","background-image":"","background-repeat":"repeat","background-position":"center center","background-size":"auto","background-attachment":"scroll","background-type":"","background-media":"","overlay-type":"","overlay-color":"","overlay-opacity":"","overlay-gradient":""}},"footnotes":""},"class_list":["post-13","page","type-page","status-publish","hentry"],"yoast_head":"<!-- This site is optimized with the Yoast SEO plugin v25.9 - https:\/\/yoast.com\/wordpress\/plugins\/seo\/ -->\n<title>Nossos Servi\u00e7os - Vem viajar com a gente!<\/title>\n<meta name=\"robots\" content=\"noindex, follow, max-snippet:-1, max-image-preview:large, max-video-preview:-1\" \/>\n<meta property=\"og:locale\" content=\"pt_BR\" \/>\n<meta property=\"og:type\" content=\"article\" \/>\n<meta property=\"og:title\" content=\"Nossos Servi\u00e7os - Vem viajar com a gente!\" \/>\n<meta property=\"og:description\" content=\"Na Belini Viagens, oferecemos solu\u00e7\u00f5es completas para tornar sua viagem pr\u00e1tica, segura e inesquec\u00edvel. Confira nossos principais servi\u00e7os: Promo\u00e7\u00f5es e [&hellip;]\" \/>\n<meta property=\"og:url\" content=\"https:\/\/beliniviagens.com.br\/index.php\/servicos\/\" \/>\n<meta property=\"og:site_name\" content=\"Vem viajar com a gente!\" \/>\n<meta property=\"article:modified_time\" content=\"2025-09-12T23:33:16+00:00\" \/>\n<meta property=\"og:image\" content=\"http:\/\/beliniviagens.com.br\/wp-content\/uploads\/2025\/09\/3.png\" \/>\n<meta name=\"twitter:card\" content=\"summary_large_image\" \/>\n<meta name=\"twitter:label1\" content=\"Est. tempo de leitura\" \/>\n\t<meta name=\"twitter:data1\" content=\"2 minutos\" \/>\n<script type=\"application\/ld+json\" class=\"yoast-schema-graph\">{\"@context\":\"https:\/\/schema.org\",\"@graph\":[{\"@type\":\"WebPage\",\"@id\":\"https:\/\/beliniviagens.com.br\/index.php\/servicos\/\",\"url\":\"https:\/\/beliniviagens.com.br\/index.php\/servicos\/\",\"name\":\"Nossos Servi\u00e7os - Vem viajar com a gente!\",\"isPartOf\":{\"@id\":\"https:\/\/beliniviagens.com.br\/#website\"},\"primaryImageOfPage\":{\"@id\":\"https:\/\/beliniviagens.com.br\/index.php\/servicos\/#primaryimage\"},\"image\":{\"@id\":\"https:\/\/beliniviagens.com.br\/index.php\/servicos\/#primaryimage\"},\"thumbnailUrl\":\"http:\/\/beliniviagens.com.br\/wp-content\/uploads\/2025\/09\/3.png\",\"datePublished\":\"2025-09-11T17:14:29+00:00\",\"dateModified\":\"2025-09-12T23:33:16+00:00\",\"breadcrumb\":{\"@id\":\"https:\/\/beliniviagens.com.br\/index.php\/servicos\/#breadcrumb\"},\"inLanguage\":\"pt-BR\",\"potentialAction\":[{\"@type\":\"ReadAction\",\"target\":[\"https:\/\/beliniviagens.com.br\/index.php\/servicos\/\"]}]},{\"@type\":\"ImageObject\",\"inLanguage\":\"pt-BR\",\"@id\":\"https:\/\/beliniviagens.com.br\/index.php\/servicos\/#primaryimage\",\"url\":\"https:\/\/beliniviagens.com.br\/wp-content\/uploads\/2025\/09\/3.png\",\"contentUrl\":\"https:\/\/beliniviagens.com.br\/wp-content\/uploads\/2025\/09\/3.png\",\"width\":800,\"height\":500},{\"@type\":\"BreadcrumbList\",\"@id\":\"https:\/\/beliniviagens.com.br\/index.php\/servicos\/#breadcrumb\",\"itemListElement\":[{\"@type\":\"ListItem\",\"position\":1,\"name\":\"In\u00edcio\",\"item\":\"https:\/\/beliniviagens.com.br\/\"},{\"@type\":\"ListItem\",\"position\":2,\"name\":\"Nossos Servi\u00e7os\"}]},{\"@type\":\"WebSite\",\"@id\":\"https:\/\/beliniviagens.com.br\/#website\",\"url\":\"https:\/\/beliniviagens.com.br\/\",\"name\":\"Vem viajar com a gente!\",\"description\":\"Vem viajar com a gente\",\"publisher\":{\"@id\":\"https:\/\/beliniviagens.com.br\/#organization\"},\"potentialAction\":[{\"@type\":\"SearchAction\",\"target\":{\"@type\":\"EntryPoint\",\"urlTemplate\":\"https:\/\/beliniviagens.com.br\/?s={search_term_string}\"},\"query-input\":{\"@type\":\"PropertyValueSpecification\",\"valueRequired\":true,\"valueName\":\"search_term_string\"}}],\"inLanguage\":\"pt-BR\"},{\"@type\":\"Organization\",\"@id\":\"https:\/\/beliniviagens.com.br\/#organization\",\"name\":\"Vem viajar com a gente!\",\"url\":\"https:\/\/beliniviagens.com.br\/\",\"logo\":{\"@type\":\"ImageObject\",\"inLanguage\":\"pt-BR\",\"@id\":\"https:\/\/beliniviagens.com.br\/#\/schema\/logo\/image\/\",\"url\":\"https:\/\/beliniviagens.com.br\/wp-content\/uploads\/2025\/09\/cropped-logo_belini_favicon.png\",\"contentUrl\":\"https:\/\/beliniviagens.com.br\/wp-content\/uploads\/2025\/09\/cropped-logo_belini_favicon.png\",\"width\":218,\"height\":105,\"caption\":\"Vem viajar com a gente!\"},\"image\":{\"@id\":\"https:\/\/beliniviagens.com.br\/#\/schema\/logo\/image\/\"}}]}<\/script>\n<!-- \/ Yoast SEO plugin. -->","yoast_head_json":{"title":"Nossos Servi\u00e7os - Vem viajar com a gente!","robots":{"index":"noindex","follow":"follow","max-snippet":"max-snippet:-1","max-image-preview":"max-image-preview:large","max-video-preview":"max-video-preview:-1"},"og_locale":"pt_BR","og_type":"article","og_title":"Nossos Servi\u00e7os - Vem viajar com a gente!","og_description":"Na Belini Viagens, oferecemos solu\u00e7\u00f5es completas para tornar sua viagem pr\u00e1tica, segura e inesquec\u00edvel. Confira nossos principais servi\u00e7os: Promo\u00e7\u00f5es e [&hellip;]","og_url":"https:\/\/beliniviagens.com.br\/index.php\/servicos\/","og_site_name":"Vem viajar com a gente!","article_modified_time":"2025-09-12T23:33:16+00:00","og_image":[{"url":"http:\/\/beliniviagens.com.br\/wp-content\/uploads\/2025\/09\/3.png","type":"","width":"","height":""}],"twitter_card":"summary_large_image","twitter_misc":{"Est. tempo de leitura":"2 minutos"},"schema":{"@context":"https:\/\/schema.org","@graph":[{"@type":"WebPage","@id":"https:\/\/beliniviagens.com.br\/index.php\/servicos\/","url":"https:\/\/beliniviagens.com.br\/index.php\/servicos\/","name":"Nossos Servi\u00e7os - Vem viajar com a gente!","isPartOf":{"@id":"https:\/\/beliniviagens.com.br\/#website"},"primaryImageOfPage":{"@id":"https:\/\/beliniviagens.com.br\/index.php\/servicos\/#primaryimage"},"image":{"@id":"https:\/\/beliniviagens.com.br\/index.php\/servicos\/#primaryimage"},"thumbnailUrl":"http:\/\/beliniviagens.com.br\/wp-content\/uploads\/2025\/09\/3.png","datePublished":"2025-09-11T17:14:29+00:00","dateModified":"2025-09-12T23:33:16+00:00","breadcrumb":{"@id":"https:\/\/beliniviagens.com.br\/index.php\/servicos\/#breadcrumb"},"inLanguage":"pt-BR","potentialAction":[{"@type":"ReadAction","target":["https:\/\/beliniviagens.com.br\/index.php\/servicos\/"]}]},{"@type":"ImageObject","inLanguage":"pt-BR","@id":"https:\/\/beliniviagens.com.br\/index.php\/servicos\/#primaryimage","url":"https:\/\/beliniviagens.com.br\/wp-content\/uploads\/2025\/09\/3.png","contentUrl":"https:\/\/beliniviagens.com.br\/wp-content\/uploads\/2025\/09\/3.png","width":800,"height":500},{"@type":"BreadcrumbList","@id":"https:\/\/beliniviagens.com.br\/index.php\/servicos\/#breadcrumb","itemListElement":[{"@type":"ListItem","position":1,"name":"In\u00edcio","item":"https:\/\/beliniviagens.com.br\/"},{"@type":"ListItem","position":2,"name":"Nossos Servi\u00e7os"}]},{"@type":"WebSite","@id":"https:\/\/beliniviagens.com.br\/#website","url":"https:\/\/beliniviagens.com.br\/","name":"Vem viajar com a gente!","description":"Vem viajar com a gente","publisher":{"@id":"https:\/\/beliniviagens.com.br\/#organization"},"potentialAction":[{"@type":"SearchAction","target":{"@type":"EntryPoint","urlTemplate":"https:\/\/beliniviagens.com.br\/?s={search_term_string}"},"query-input":{"@type":"PropertyValueSpecification","valueRequired":true,"valueName":"search_term_string"}}],"inLanguage":"pt-BR"},{"@type":"Organization","@id":"https:\/\/beliniviagens.com.br\/#organization","name":"Vem viajar com a gente!","url":"https:\/\/beliniviagens.com.br\/","logo":{"@type":"ImageObject","inLanguage":"pt-BR","@id":"https:\/\/beliniviagens.com.br\/#\/schema\/logo\/image\/","url":"https:\/\/beliniviagens.com.br\/wp-content\/uploads\/2025\/09\/cropped-logo_belini_favicon.png","contentUrl":"https:\/\/beliniviagens.com.br\/wp-content\/uploads\/2025\/09\/cropped-logo_belini_favicon.png","width":218,"height":105,"caption":"Vem viajar com a gente!"},"image":{"@id":"https:\/\/beliniviagens.com.br\/#\/schema\/logo\/image\/"}}]}},"_links":{"self":[{"href":"https:\/\/beliniviagens.com.br\/index.php\/wp-json\/wp\/v2\/pages\/13","targetHints":{"allow":["GET"]}}],"collection":[{"href":"https:\/\/beliniviagens.com.br\/index.php\/wp-json\/wp\/v2\/pages"}],"about":[{"href":"https:\/\/beliniviagens.com.br\/index.php\/wp-json\/wp\/v2\/types\/page"}],"author":[{"embeddable":true,"href":"https:\/\/beliniviagens.com.br\/index.php\/wp-json\/wp\/v2\/users\/1"}],"replies":[{"embeddable":true,"href":"https:\/\/beliniviagens.com.br\/index.php\/wp-json\/wp\/v2\/comments?post=13"}],"version-history":[{"count":11,"href":"https:\/\/beliniviagens.com.br\/index.php\/wp-json\/wp\/v2\/pages\/13\/revisions"}],"predecessor-version":[{"id":115,"href":"https:\/\/beliniviagens.com.br\/index.php\/wp-json\/wp\/v2\/pages\/13\/revisions\/115"}],"wp:attachment":[{"href":"https:\/\/beliniviagens.com.br\/index.php\/wp-json\/wp\/v2\/media?parent=13"}],"curies":[{"name":"wp","href":"https:\/\/api.w.org\/{rel}","templated":true}]}}