{"id":11,"date":"2025-09-11T14:14:11","date_gmt":"2025-09-11T17:14:11","guid":{"rendered":"http:\/\/beliniviagens.com.br\/?page_id=11"},"modified":"2025-09-12T20:52:05","modified_gmt":"2025-09-12T23:52:05","slug":"sobre-nos","status":"publish","type":"page","link":"https:\/\/beliniviagens.com.br\/index.php\/sobre-nos\/","title":{"rendered":"Sobre n\u00f3s"},"content":{"rendered":"\n<figure class=\"wp-block-image size-full is-style-rounded\"><img fetchpriority=\"high\" decoding=\"async\" width=\"1000\" height=\"600\" src=\"http:\/\/beliniviagens.com.br\/wp-content\/uploads\/2025\/09\/Design-sem-nome-10.png\" alt=\"\" class=\"wp-image-90\" srcset=\"https:\/\/beliniviagens.com.br\/wp-content\/uploads\/2025\/09\/Design-sem-nome-10.png 1000w, https:\/\/beliniviagens.com.br\/wp-content\/uploads\/2025\/09\/Design-sem-nome-10-300x180.png 300w, https:\/\/beliniviagens.com.br\/wp-content\/uploads\/2025\/09\/Design-sem-nome-10-768x461.png 768w\" sizes=\"(max-width: 1000px) 100vw, 1000px\" \/><\/figure>\n\n\n\n<p>Na BELINI VIAGENS, acreditamos que viajar vai muito al\u00e9m de conhecer novos destinos \u2013 <strong>\u00e9 viver experi\u00eancias, criar mem\u00f3rias inesquec\u00edveis e descobrir o mundo sob novos olhares.<\/strong><\/p>\n\n\n\n<p>Com anos de experi\u00eancia no setor de turismo, <strong>nossa miss\u00e3o \u00e9 transformar sonhos em realidade, oferecendo roteiros personalizados, atendimento pr\u00f3ximo e solu\u00e7\u00f5es completas<\/strong> para cada tipo de viajante. Seja para uma viagem rom\u00e2ntica, f\u00e9rias em fam\u00edlia, aventuras entre amigos ou viagens a trabalho, cuidamos de cada detalhe para que voc\u00ea viaje com tranquilidade e seguran\u00e7a.<\/p>\n\n\n\n<p>Trabalhamos com parceiros de confian\u00e7a no Brasil e no exterior, garantindo hospedagens bem localizadas, transporte confort\u00e1vel, passeios aut\u00eanticos e os melhores pre\u00e7os do mercado.<\/p>\n\n\n\n<p>Na BELINI VIAGENS, <strong>voc\u00ea n\u00e3o \u00e9 apenas mais um cliente \u2013 \u00e9 parte da nossa hist\u00f3ria<\/strong>. Cada viagem planejada \u00e9 feita com carinho, dedica\u00e7\u00e3o e o compromisso de proporcionar momentos inesquec\u00edveis.<br><br>Em <strong>13 anos de hist\u00f3ria<\/strong>, j\u00e1 embarcamos mais de <strong>35 mil passageiros<\/strong>, sempre com profissionalismo, respeito e dedica\u00e7\u00e3o em transformar cada viagem em uma experi\u00eancia \u00fanica.<\/p>\n\n\n\n<p><strong>Belini Viagens \u2014 vem viajar com a gente!<\/strong><\/p>\n\n\n\n<figure class=\"wp-block-image size-full\"><img decoding=\"async\" width=\"800\" height=\"500\" src=\"http:\/\/beliniviagens.com.br\/wp-content\/uploads\/2025\/09\/6.png\" alt=\"\" class=\"wp-image-73\" srcset=\"https:\/\/beliniviagens.com.br\/wp-content\/uploads\/2025\/09\/6.png 800w, https:\/\/beliniviagens.com.br\/wp-content\/uploads\/2025\/09\/6-300x188.png 300w, https:\/\/beliniviagens.com.br\/wp-content\/uploads\/2025\/09\/6-768x480.png 768w\" sizes=\"(max-width: 800px) 100vw, 800px\" \/><\/figure>\n\n\n\n<p><\/p>\n","protected":false},"excerpt":{"rendered":"<p>Na BELINI VIAGENS, acreditamos que viajar vai muito al\u00e9m de conhecer novos destinos \u2013 \u00e9 viver experi\u00eancias, criar mem\u00f3rias inesquec\u00edveis [&hellip;]<\/p>\n","protected":false},"author":1,"featured_media":0,"parent":0,"menu_order":0,"comment_status":"closed","ping_status":"closed","template":"","meta":{"site-sidebar-layout":"default","site-content-layout":"","ast-site-content-layout":"default","site-content-style":"default","site-sidebar-style":"default","ast-global-header-display":"","ast-banner-title-visibility":"","ast-main-header-display":"","ast-hfb-above-header-display":"","ast-hfb-below-header-display":"","ast-hfb-mobile-header-display":"","site-post-title":"","ast-breadcrumbs-content":"","ast-featured-img":"","footer-sml-layout":"","theme-transparent-header-meta":"","adv-header-id-meta":"","stick-header-meta":"","header-above-stick-meta":"","header-main-stick-meta":"","header-below-stick-meta":"","astra-migrate-meta-layouts":"default","ast-page-background-enabled":"default","ast-page-background-meta":{"desktop":{"background-color":"var(--ast-global-color-5)","background-image":"","background-repeat":"repeat","background-position":"center center","background-size":"auto","background-attachment":"scroll","background-type":"","background-media":"","overlay-type":"","overlay-color":"","overlay-opacity":"","overlay-gradient":""},"tablet":{"background-color":"","background-image":"","background-repeat":"repeat","background-position":"center center","background-size":"auto","background-attachment":"scroll","background-type":"","background-media":"","overlay-type":"","overlay-color":"","overlay-opacity":"","overlay-gradient":""},"mobile":{"background-color":"","background-image":"","background-repeat":"repeat","background-position":"center center","background-size":"auto","background-attachment":"scroll","background-type":"","background-media":"","overlay-type":"","overlay-color":"","overlay-opacity":"","overlay-gradient":""}},"ast-content-background-meta":{"desktop":{"background-color":"var(--ast-global-color-4)","background-image":"","background-repeat":"repeat","background-position":"center center","background-size":"auto","background-attachment":"scroll","background-type":"","background-media":"","overlay-type":"","overlay-color":"","overlay-opacity":"","overlay-gradient":""},"tablet":{"background-color":"var(--ast-global-color-4)","background-image":"","background-repeat":"repeat","background-position":"center center","background-size":"auto","background-attachment":"scroll","background-type":"","background-media":"","overlay-type":"","overlay-color":"","overlay-opacity":"","overlay-gradient":""},"mobile":{"background-color":"var(--ast-global-color-4)","background-image":"","background-repeat":"repeat","background-position":"center center","background-size":"auto","background-attachment":"scroll","background-type":"","background-media":"","overlay-type":"","overlay-color":"","overlay-opacity":"","overlay-gradient":""}},"footnotes":""},"class_list":["post-11","page","type-page","status-publish","hentry"],"yoast_head":"<!-- This site is optimized with the Yoast SEO plugin v25.9 - https:\/\/yoast.com\/wordpress\/plugins\/seo\/ -->\n<title>Sobre n\u00f3s - Vem viajar com a gente!<\/title>\n<meta name=\"robots\" content=\"noindex, follow, max-snippet:-1, max-image-preview:large, max-video-preview:-1\" \/>\n<meta property=\"og:locale\" content=\"pt_BR\" \/>\n<meta property=\"og:type\" content=\"article\" \/>\n<meta property=\"og:title\" content=\"Sobre n\u00f3s - Vem viajar com a gente!\" \/>\n<meta property=\"og:description\" content=\"Na BELINI VIAGENS, acreditamos que viajar vai muito al\u00e9m de conhecer novos destinos \u2013 \u00e9 viver experi\u00eancias, criar mem\u00f3rias inesquec\u00edveis [&hellip;]\" \/>\n<meta property=\"og:url\" content=\"https:\/\/beliniviagens.com.br\/index.php\/sobre-nos\/\" \/>\n<meta property=\"og:site_name\" content=\"Vem viajar com a gente!\" \/>\n<meta property=\"article:modified_time\" content=\"2025-09-12T23:52:05+00:00\" \/>\n<meta property=\"og:image\" content=\"http:\/\/beliniviagens.com.br\/wp-content\/uploads\/2025\/09\/Design-sem-nome-10.png\" \/>\n<meta name=\"twitter:card\" content=\"summary_large_image\" \/>\n<meta name=\"twitter:label1\" content=\"Est. tempo de leitura\" \/>\n\t<meta name=\"twitter:data1\" content=\"2 minutos\" \/>\n<script type=\"application\/ld+json\" class=\"yoast-schema-graph\">{\"@context\":\"https:\/\/schema.org\",\"@graph\":[{\"@type\":\"WebPage\",\"@id\":\"https:\/\/beliniviagens.com.br\/index.php\/sobre-nos\/\",\"url\":\"https:\/\/beliniviagens.com.br\/index.php\/sobre-nos\/\",\"name\":\"Sobre n\u00f3s - Vem viajar com a gente!\",\"isPartOf\":{\"@id\":\"https:\/\/beliniviagens.com.br\/#website\"},\"primaryImageOfPage\":{\"@id\":\"https:\/\/beliniviagens.com.br\/index.php\/sobre-nos\/#primaryimage\"},\"image\":{\"@id\":\"https:\/\/beliniviagens.com.br\/index.php\/sobre-nos\/#primaryimage\"},\"thumbnailUrl\":\"http:\/\/beliniviagens.com.br\/wp-content\/uploads\/2025\/09\/Design-sem-nome-10.png\",\"datePublished\":\"2025-09-11T17:14:11+00:00\",\"dateModified\":\"2025-09-12T23:52:05+00:00\",\"breadcrumb\":{\"@id\":\"https:\/\/beliniviagens.com.br\/index.php\/sobre-nos\/#breadcrumb\"},\"inLanguage\":\"pt-BR\",\"potentialAction\":[{\"@type\":\"ReadAction\",\"target\":[\"https:\/\/beliniviagens.com.br\/index.php\/sobre-nos\/\"]}]},{\"@type\":\"ImageObject\",\"inLanguage\":\"pt-BR\",\"@id\":\"https:\/\/beliniviagens.com.br\/index.php\/sobre-nos\/#primaryimage\",\"url\":\"https:\/\/beliniviagens.com.br\/wp-content\/uploads\/2025\/09\/Design-sem-nome-10.png\",\"contentUrl\":\"https:\/\/beliniviagens.com.br\/wp-content\/uploads\/2025\/09\/Design-sem-nome-10.png\",\"width\":1000,\"height\":600},{\"@type\":\"BreadcrumbList\",\"@id\":\"https:\/\/beliniviagens.com.br\/index.php\/sobre-nos\/#breadcrumb\",\"itemListElement\":[{\"@type\":\"ListItem\",\"position\":1,\"name\":\"In\u00edcio\",\"item\":\"https:\/\/beliniviagens.com.br\/\"},{\"@type\":\"ListItem\",\"position\":2,\"name\":\"Sobre n\u00f3s\"}]},{\"@type\":\"WebSite\",\"@id\":\"https:\/\/beliniviagens.com.br\/#website\",\"url\":\"https:\/\/beliniviagens.com.br\/\",\"name\":\"Vem viajar com a gente!\",\"description\":\"Vem viajar com a gente\",\"publisher\":{\"@id\":\"https:\/\/beliniviagens.com.br\/#organization\"},\"potentialAction\":[{\"@type\":\"SearchAction\",\"target\":{\"@type\":\"EntryPoint\",\"urlTemplate\":\"https:\/\/beliniviagens.com.br\/?s={search_term_string}\"},\"query-input\":{\"@type\":\"PropertyValueSpecification\",\"valueRequired\":true,\"valueName\":\"search_term_string\"}}],\"inLanguage\":\"pt-BR\"},{\"@type\":\"Organization\",\"@id\":\"https:\/\/beliniviagens.com.br\/#organization\",\"name\":\"Vem viajar com a gente!\",\"url\":\"https:\/\/beliniviagens.com.br\/\",\"logo\":{\"@type\":\"ImageObject\",\"inLanguage\":\"pt-BR\",\"@id\":\"https:\/\/beliniviagens.com.br\/#\/schema\/logo\/image\/\",\"url\":\"https:\/\/beliniviagens.com.br\/wp-content\/uploads\/2025\/09\/cropped-logo_belini_favicon.png\",\"contentUrl\":\"https:\/\/beliniviagens.com.br\/wp-content\/uploads\/2025\/09\/cropped-logo_belini_favicon.png\",\"width\":218,\"height\":105,\"caption\":\"Vem viajar com a gente!\"},\"image\":{\"@id\":\"https:\/\/beliniviagens.com.br\/#\/schema\/logo\/image\/\"}}]}<\/script>\n<!-- \/ Yoast SEO plugin. -->","yoast_head_json":{"title":"Sobre n\u00f3s - Vem viajar com a gente!","robots":{"index":"noindex","follow":"follow","max-snippet":"max-snippet:-1","max-image-preview":"max-image-preview:large","max-video-preview":"max-video-preview:-1"},"og_locale":"pt_BR","og_type":"article","og_title":"Sobre n\u00f3s - Vem viajar com a gente!","og_description":"Na BELINI VIAGENS, acreditamos que viajar vai muito al\u00e9m de conhecer novos destinos \u2013 \u00e9 viver experi\u00eancias, criar mem\u00f3rias inesquec\u00edveis [&hellip;]","og_url":"https:\/\/beliniviagens.com.br\/index.php\/sobre-nos\/","og_site_name":"Vem viajar com a gente!","article_modified_time":"2025-09-12T23:52:05+00:00","og_image":[{"url":"http:\/\/beliniviagens.com.br\/wp-content\/uploads\/2025\/09\/Design-sem-nome-10.png","type":"","width":"","height":""}],"twitter_card":"summary_large_image","twitter_misc":{"Est. tempo de leitura":"2 minutos"},"schema":{"@context":"https:\/\/schema.org","@graph":[{"@type":"WebPage","@id":"https:\/\/beliniviagens.com.br\/index.php\/sobre-nos\/","url":"https:\/\/beliniviagens.com.br\/index.php\/sobre-nos\/","name":"Sobre n\u00f3s - Vem viajar com a gente!","isPartOf":{"@id":"https:\/\/beliniviagens.com.br\/#website"},"primaryImageOfPage":{"@id":"https:\/\/beliniviagens.com.br\/index.php\/sobre-nos\/#primaryimage"},"image":{"@id":"https:\/\/beliniviagens.com.br\/index.php\/sobre-nos\/#primaryimage"},"thumbnailUrl":"http:\/\/beliniviagens.com.br\/wp-content\/uploads\/2025\/09\/Design-sem-nome-10.png","datePublished":"2025-09-11T17:14:11+00:00","dateModified":"2025-09-12T23:52:05+00:00","breadcrumb":{"@id":"https:\/\/beliniviagens.com.br\/index.php\/sobre-nos\/#breadcrumb"},"inLanguage":"pt-BR","potentialAction":[{"@type":"ReadAction","target":["https:\/\/beliniviagens.com.br\/index.php\/sobre-nos\/"]}]},{"@type":"ImageObject","inLanguage":"pt-BR","@id":"https:\/\/beliniviagens.com.br\/index.php\/sobre-nos\/#primaryimage","url":"https:\/\/beliniviagens.com.br\/wp-content\/uploads\/2025\/09\/Design-sem-nome-10.png","contentUrl":"https:\/\/beliniviagens.com.br\/wp-content\/uploads\/2025\/09\/Design-sem-nome-10.png","width":1000,"height":600},{"@type":"BreadcrumbList","@id":"https:\/\/beliniviagens.com.br\/index.php\/sobre-nos\/#breadcrumb","itemListElement":[{"@type":"ListItem","position":1,"name":"In\u00edcio","item":"https:\/\/beliniviagens.com.br\/"},{"@type":"ListItem","position":2,"name":"Sobre n\u00f3s"}]},{"@type":"WebSite","@id":"https:\/\/beliniviagens.com.br\/#website","url":"https:\/\/beliniviagens.com.br\/","name":"Vem viajar com a gente!","description":"Vem viajar com a gente","publisher":{"@id":"https:\/\/beliniviagens.com.br\/#organization"},"potentialAction":[{"@type":"SearchAction","target":{"@type":"EntryPoint","urlTemplate":"https:\/\/beliniviagens.com.br\/?s={search_term_string}"},"query-input":{"@type":"PropertyValueSpecification","valueRequired":true,"valueName":"search_term_string"}}],"inLanguage":"pt-BR"},{"@type":"Organization","@id":"https:\/\/beliniviagens.com.br\/#organization","name":"Vem viajar com a gente!","url":"https:\/\/beliniviagens.com.br\/","logo":{"@type":"ImageObject","inLanguage":"pt-BR","@id":"https:\/\/beliniviagens.com.br\/#\/schema\/logo\/image\/","url":"https:\/\/beliniviagens.com.br\/wp-content\/uploads\/2025\/09\/cropped-logo_belini_favicon.png","contentUrl":"https:\/\/beliniviagens.com.br\/wp-content\/uploads\/2025\/09\/cropped-logo_belini_favicon.png","width":218,"height":105,"caption":"Vem viajar com a gente!"},"image":{"@id":"https:\/\/beliniviagens.com.br\/#\/schema\/logo\/image\/"}}]}},"_links":{"self":[{"href":"https:\/\/beliniviagens.com.br\/index.php\/wp-json\/wp\/v2\/pages\/11","targetHints":{"allow":["GET"]}}],"collection":[{"href":"https:\/\/beliniviagens.com.br\/index.php\/wp-json\/wp\/v2\/pages"}],"about":[{"href":"https:\/\/beliniviagens.com.br\/index.php\/wp-json\/wp\/v2\/types\/page"}],"author":[{"embeddable":true,"href":"https:\/\/beliniviagens.com.br\/index.php\/wp-json\/wp\/v2\/users\/1"}],"replies":[{"embeddable":true,"href":"https:\/\/beliniviagens.com.br\/index.php\/wp-json\/wp\/v2\/comments?post=11"}],"version-history":[{"count":8,"href":"https:\/\/beliniviagens.com.br\/index.php\/wp-json\/wp\/v2\/pages\/11\/revisions"}],"predecessor-version":[{"id":120,"href":"https:\/\/beliniviagens.com.br\/index.php\/wp-json\/wp\/v2\/pages\/11\/revisions\/120"}],"wp:attachment":[{"href":"https:\/\/beliniviagens.com.br\/index.php\/wp-json\/wp\/v2\/media?parent=11"}],"curies":[{"name":"wp","href":"https:\/\/api.w.org\/{rel}","templated":true}]}}